{"id":96,"date":"2025-09-06T17:09:57","date_gmt":"2025-09-06T15:09:57","guid":{"rendered":"https:\/\/hvv-nalbach.de\/?page_id=96"},"modified":"2025-09-06T17:18:21","modified_gmt":"2025-09-06T15:18:21","slug":"impressum","status":"publish","type":"page","link":"https:\/\/hvv-nalbach.de\/?page_id=96","title":{"rendered":"Impressum"},"content":{"rendered":"\t\t<div data-elementor-type=\"wp-page\" data-elementor-id=\"96\" class=\"elementor elementor-96\">\n\t\t\t\t<div class=\"elementor-element elementor-element-8d420d9 e-flex e-con-boxed wpr-particle-no wpr-jarallax-no wpr-parallax-no wpr-sticky-section-no e-con e-parent\" data-id=\"8d420d9\" data-element_type=\"container\" data-e-type=\"container\">\n\t\t\t\t\t<div class=\"e-con-inner\">\n\t\t\t\t<div class=\"elementor-element elementor-element-e74ea07 elementor-widget elementor-widget-text-editor\" data-id=\"e74ea07\" data-element_type=\"widget\" data-e-type=\"widget\" data-widget_type=\"text-editor.default\">\n\t\t\t\t\t\t\t\t\t<p><strong>Herausgeber<\/strong><\/p><p>Heimat und Verkehrsverein Litermont Nalbach e.V.<br \/>Etzelbachstra\u00dfe 35<br \/>66809 Nalbach<br \/>Tel.: 06838 \/ 83727<br \/><br \/><strong>Verantwortlich f\u00fcr den Inhalt<\/strong><\/p><p>Inhaltlich Verantwortlicher gem\u00e4\u00df \u00a7 6 MDStV:<br \/>Joachim Leinenbach<\/p><p><strong>Haftungsausschluss<\/strong><\/p><p>Trotz sorgf\u00e4ltiger inhaltlicher Kontrolle \u00fcbernehmen wir keine Haftung<br \/>f\u00fcr die Inhalte externer Links.<br \/>F\u00fcr den Inhalt der verlinkten Seiten sind ausschlie\u00dflich deren Betreiber<br \/>verantwortlich.<\/p>\t\t\t\t\t\t\t\t<\/div>\n\t\t\t\t\t<\/div>\n\t\t\t\t<\/div>\n\t\t\t\t<\/div>\n\t\t","protected":false},"excerpt":{"rendered":"<p>Herausgeber Heimat und Verkehrsverein Litermont Nalbach e.V.Etzelbachstra\u00dfe 3566809 NalbachTel.: 06838 \/ 83727 Verantwortlich f\u00fcr den Inhalt Inhaltlich Verantwortlicher gem\u00e4\u00df \u00a7 6 MDStV:Joachim Leinenbach Haftungsausschluss Trotz&hellip;<\/p>\n","protected":false},"author":1,"featured_media":0,"parent":0,"menu_order":0,"comment_status":"closed","ping_status":"closed","template":"","meta":{"footnotes":""},"class_list":["post-96","page","type-page","status-publish","hentry"],"_links":{"self":[{"href":"https:\/\/hvv-nalbach.de\/index.php?rest_route=\/wp\/v2\/pages\/96","targetHints":{"allow":["GET"]}}],"collection":[{"href":"https:\/\/hvv-nalbach.de\/index.php?rest_route=\/wp\/v2\/pages"}],"about":[{"href":"https:\/\/hvv-nalbach.de\/index.php?rest_route=\/wp\/v2\/types\/page"}],"author":[{"embeddable":true,"href":"https:\/\/hvv-nalbach.de\/index.php?rest_route=\/wp\/v2\/users\/1"}],"replies":[{"embeddable":true,"href":"https:\/\/hvv-nalbach.de\/index.php?rest_route=%2Fwp%2Fv2%2Fcomments&post=96"}],"version-history":[{"count":10,"href":"https:\/\/hvv-nalbach.de\/index.php?rest_route=\/wp\/v2\/pages\/96\/revisions"}],"predecessor-version":[{"id":109,"href":"https:\/\/hvv-nalbach.de\/index.php?rest_route=\/wp\/v2\/pages\/96\/revisions\/109"}],"wp:attachment":[{"href":"https:\/\/hvv-nalbach.de\/index.php?rest_route=%2Fwp%2Fv2%2Fmedia&parent=96"}],"curies":[{"name":"wp","href":"https:\/\/api.w.org\/{rel}","templated":true}]}}