{"id":11,"date":"2025-08-30T18:33:58","date_gmt":"2025-08-30T16:33:58","guid":{"rendered":"https:\/\/hvv-nalbach.de\/?page_id=11"},"modified":"2026-02-16T19:37:41","modified_gmt":"2026-02-16T18:37:41","slug":"startseite","status":"publish","type":"page","link":"https:\/\/hvv-nalbach.de\/","title":{"rendered":"Startseite"},"content":{"rendered":"\t\t<div data-elementor-type=\"wp-page\" data-elementor-id=\"11\" class=\"elementor elementor-11\">\n\t\t\t\t<div class=\"elementor-element elementor-element-acbad51 e-flex e-con-boxed wpr-particle-no wpr-jarallax-no wpr-parallax-no wpr-sticky-section-no wpr-equal-height-no e-con e-parent\" data-id=\"acbad51\" data-element_type=\"container\" data-e-type=\"container\">\n\t\t\t\t\t<div class=\"e-con-inner\">\n\t\t\t\t<div class=\"elementor-element elementor-element-fa5e91f elementor-widget elementor-widget-heading\" data-id=\"fa5e91f\" data-element_type=\"widget\" data-e-type=\"widget\" data-widget_type=\"heading.default\">\n\t\t\t\t\t<h2 class=\"elementor-heading-title elementor-size-default\">Herzlich Willkommen<\/h2>\t\t\t\t<\/div>\n\t\t\t\t<div class=\"elementor-element elementor-element-2ea3996 elementor-widget elementor-widget-text-editor\" data-id=\"2ea3996\" data-element_type=\"widget\" data-e-type=\"widget\" data-widget_type=\"text-editor.default\">\n\t\t\t\t\t\t\t\t\t<p data-start=\"250\" data-end=\"479\">Sch\u00f6n, dass Sie den Weg zu uns gefunden haben! Unser Verein engagiert sich seit vielen Jahren f\u00fcr die Pflege der Heimatkultur, das Brauchtum und das gesellschaftliche Miteinander in Nalbach und der Region rund um den Litermont.<\/p><p data-start=\"481\" data-end=\"924\">Auf unserer Homepage m\u00f6chten wir Ihnen einen Einblick in unsere Aktivit\u00e4ten geben. Zu unseren festen H\u00f6hepunkten im Jahreslauf geh\u00f6ren beliebte Veranstaltungen wie die <strong data-start=\"649\" data-end=\"659\">Kirmes<\/strong>, die fr\u00f6hlich-bunte <strong data-start=\"680\" data-end=\"691\">Faasend<\/strong>, das stimmungsvolle <strong data-start=\"712\" data-end=\"731\">St. Martinsfest<\/strong> mit Laternenumzug sowie die traditionsreiche <strong data-start=\"777\" data-end=\"791\">Hexennacht<\/strong>. Diese Feste sind nicht nur Ausdruck lebendigen Brauchtums, sondern auch Orte der Begegnung, an denen Jung und Alt zusammenkommen.<\/p><p data-start=\"926\" data-end=\"1075\">Dar\u00fcber hinaus informieren wir Sie hier \u00fcber weitere Projekte, Vereinsarbeit und Aktionen, die das kulturelle Leben in unserer Gemeinde bereichern.<\/p><p data-start=\"1077\" data-end=\"1239\">Wir laden Sie herzlich ein, unsere Veranstaltungen zu besuchen, sich aktiv einzubringen oder einfach die besondere Atmosph\u00e4re rund um den Litermont zu genie\u00dfen.<\/p><p data-start=\"1241\" data-end=\"1300\">Ihr<br data-start=\"1244\" data-end=\"1247\" \/><strong data-start=\"1247\" data-end=\"1300\">Heimat- und Verkehrsverein Litermont Nalbach e.V.<\/strong><\/p>\t\t\t\t\t\t\t\t<\/div>\n\t\t\t\t<div class=\"elementor-element elementor-element-cb65873 elementor-widget elementor-widget-spacer\" data-id=\"cb65873\" data-element_type=\"widget\" data-e-type=\"widget\" data-widget_type=\"spacer.default\">\n\t\t\t\t\t\t\t<div class=\"elementor-spacer\">\n\t\t\t<div class=\"elementor-spacer-inner\"><\/div>\n\t\t<\/div>\n\t\t\t\t\t\t<\/div>\n\t\t\t\t\t<\/div>\n\t\t\t\t<\/div>\n\t\t\t\t<\/div>\n\t\t","protected":false},"excerpt":{"rendered":"<p>Herzlich Willkommen Sch\u00f6n, dass Sie den Weg zu uns gefunden haben! Unser Verein engagiert sich seit vielen Jahren f\u00fcr die Pflege der Heimatkultur, das Brauchtum&hellip;<\/p>\n","protected":false},"author":1,"featured_media":0,"parent":0,"menu_order":0,"comment_status":"closed","ping_status":"closed","template":"","meta":{"footnotes":""},"class_list":["post-11","page","type-page","status-publish","hentry"],"_links":{"self":[{"href":"https:\/\/hvv-nalbach.de\/index.php?rest_route=\/wp\/v2\/pages\/11","targetHints":{"allow":["GET"]}}],"collection":[{"href":"https:\/\/hvv-nalbach.de\/index.php?rest_route=\/wp\/v2\/pages"}],"about":[{"href":"https:\/\/hvv-nalbach.de\/index.php?rest_route=\/wp\/v2\/types\/page"}],"author":[{"embeddable":true,"href":"https:\/\/hvv-nalbach.de\/index.php?rest_route=\/wp\/v2\/users\/1"}],"replies":[{"embeddable":true,"href":"https:\/\/hvv-nalbach.de\/index.php?rest_route=%2Fwp%2Fv2%2Fcomments&post=11"}],"version-history":[{"count":92,"href":"https:\/\/hvv-nalbach.de\/index.php?rest_route=\/wp\/v2\/pages\/11\/revisions"}],"predecessor-version":[{"id":346,"href":"https:\/\/hvv-nalbach.de\/index.php?rest_route=\/wp\/v2\/pages\/11\/revisions\/346"}],"wp:attachment":[{"href":"https:\/\/hvv-nalbach.de\/index.php?rest_route=%2Fwp%2Fv2%2Fmedia&parent=11"}],"curies":[{"name":"wp","href":"https:\/\/api.w.org\/{rel}","templated":true}]}}